{"id":19274,"date":"2023-03-02T09:30:29","date_gmt":"2023-03-02T08:30:29","guid":{"rendered":"https:\/\/proton-stroje.pl\/?post_type=product&#038;p=19274"},"modified":"2025-02-14T12:05:48","modified_gmt":"2025-02-14T11:05:48","slug":"stroj-koszykarski-dwustronny-pro-jump-15b","status":"publish","type":"product","link":"https:\/\/proton-stroje.pl\/pl\/produkt\/stroj-koszykarski-dwustronny-pro-jump-15b\/","title":{"rendered":"Str\u00f3j koszykarski dwustronny &#8211; Pro Jump 15B"},"content":{"rendered":"<div style=\"float: right; padding: 20px;\">&nbsp;<\/div>\n<div>\n<p style=\"text-align: justify;\">(wg. nas:)) Stworzyli\u015bmy najlepsze dwustronne stroje koszykarskie, jakie kiedykolwiek powsta\u0142y na \u015bwiecie! Oferujemy oddychaj\u0105ce materia\u0142y, solidne szwy, a do tego pe\u0142n\u0105 dowolno\u015b\u0107 w wyborze kolorystyki projektu i nadruk\u00f3w, w kt\u00f3re wyposa\u017cony zostanie Wasz komplet dwustronnych stroj\u00f3w koszykarskich.<\/p>\n<\/div>\n<div>\n<p>Mo\u017cecie:<\/p>\n<ul>\n<li style=\"text-align: justify;\">skorzysta\u0107 z naszych gotowych projekt\u00f3w autorskich (takich jak ten, kt\u00f3ry w\u0142a\u015bnie przegl\u0105dacie), kt\u00f3re spersonalizujemy Waszymi logotypami, reklamami, herbami itd.<\/li>\n<li>przekaza\u0107 nam zadanie zaprojektowania Waszych dwustronnych stroj\u00f3w koszykarskich od nowa <span style=\"color: #808080;\"><strong>(<a style=\"color: #808080;\" href=\"https:\/\/proton-stroje.pl\/pl\/produkt\/stroj-koszykarski-dwustronny-wlasny-projekt\/\">str\u00f3j koszykarski dwustronny &#8211; w\u0142asny projekt<\/a>)<\/strong><\/span><a href=\"https:\/\/proton-stroje.pl\/pl\/produkt\/koszulka-koszykarska-meska-wlasny-projekt\/\">&nbsp;<\/a><\/li>\n<\/ul>\n<p style=\"text-align: justify;\">Szko\u0142y, Kluby sportowe, Zwi\u0105zki sportowe, Instytucje Publiczne, Organizator\u00f3w Imprez oraz Firmy &#8211; mo\u017cecie z\u0142o\u017cy\u0107 zam\u00f3wienie w sklepie lub zapraszamy Was do skorzystania z programu<span style=\"color: #808080;\"> <strong><a style=\"color: #808080;\" href=\"https:\/\/proton-stroje.pl\/proton-pro\/\">PROTON PRO!<\/a><\/strong><\/span><\/p>\n<\/div>\n<div>\n<hr>\n<p><span style=\"color: #808080;\"><strong>Wykonanie:<\/strong><\/span><\/p>\n<ul>\n<li style=\"text-align: justify;\">podstawowy materia\u0142, obie strony &#8211; drobno-oczkowana dzianina siateczkowa (100% poliester, 110g\/m^2), oddychaj\u0105ca, zapewniaj\u0105ca komfort cieplny, certyfikat STANDARD 100 OEKO-TEX<\/li>\n<li style=\"text-align: justify;\">wz\u00f3r i kolorystyka stroju wed\u0142ug \u017cyczenia klienta, mo\u017cliwo\u015b\u0107 stworzenia w\u0142asnego projektu lub skorzystania z naszych projekt\u00f3w autorskich,<\/li>\n<li style=\"text-align: justify;\">dowolna ilo\u015b\u0107 nadruk\u00f3w,<\/li>\n<\/ul>\n<p><span style=\"color: #808080;\"><strong>Realizacja zam\u00f3wie\u0144:<\/strong><\/span><\/p>\n<ul>\n<li>Po op\u0142aceniu zam\u00f3wienia czas realizacji (do wysy\u0142ki) to <strong>10 dni ro<span style=\"color: #808080;\">bocz<\/span>ych (we wrze\u015bniu i pa\u017adzierniku &#8211; 15 dni roboczych).<\/strong><\/li>\n<li>Je\u015bli doda\u0142e\u015b jakie\u015b pliki z grafikami do umieszczenia na strojach to w ci\u0105gu 24h roboczych wykonujemy dla Was ostateczn\u0105 wizualizacj\u0119 stroju dwustronnego, kt\u00f3r\u0105 przesy\u0142amy na maila do Waszej akceptacji, a czas realizacji liczymy <strong>od momentu zaakceptowania przez Was tego projektu.<\/strong><\/li>\n<\/ul>\n<p><span style=\"color: #808080;\"><strong>Zwroty i reklamacje:<\/strong><\/span><\/p>\n<ul>\n<li>Ewentualne reklamacje s\u0105 przyjmowane i rozpatrywane zgodnie z regulaminem dost\u0119pnym na <a href=\"https:\/\/proton-stroje.pl\/pl\/regulamin\/\">tej stronie<\/a> <strong>.<\/strong><\/li>\n<li>Ten produkt jest zazwczaj personalizowany numerami i nazwiskami, w takim przypadku niestety nie posiadasz mo\u017cliwo\u015bci jego zwrotu.&nbsp;<\/li>\n<\/ul>\n<hr>\n<p><span style=\"color: #808080;\"><strong>Tabela rozmiar\u00f3w:<\/strong><\/span><\/p>\n<p><a href=\"https:\/\/proton-stroje.pl\/wp-content\/uploads\/2021\/05\/17_2401_stroje_koszykarskie_meskie.jpg\" target=\"_blank\" rel=\"noopener\"><img fetchpriority=\"high\" decoding=\"async\" class=\"alignnone wp-image-9877 size-medium\" src=\"https:\/\/proton-stroje.pl\/wp-content\/uploads\/2021\/05\/17_2401_stroje_koszykarskie_meskie-300x225.jpg\" alt=\"Tabela rozmiar\u00f3w stroje koszykarskie m\u0119skie std\" width=\"300\" height=\"225\" srcset=\"https:\/\/proton-stroje.pl\/wp-content\/uploads\/2021\/05\/17_2401_stroje_koszykarskie_meskie-300x225.jpg 300w, https:\/\/proton-stroje.pl\/wp-content\/uploads\/2021\/05\/17_2401_stroje_koszykarskie_meskie-768x575.jpg 768w, https:\/\/proton-stroje.pl\/wp-content\/uploads\/2021\/05\/17_2401_stroje_koszykarskie_meskie-600x449.jpg 600w, https:\/\/proton-stroje.pl\/wp-content\/uploads\/2021\/05\/17_2401_stroje_koszykarskie_meskie.jpg 883w\" sizes=\"(max-width: 300px) 100vw, 300px\" \/><\/a><\/p>\n<hr>\n<p><span style=\"color: #808080;\"><strong>Galeria zdj\u0119\u0107 przyk\u0142adowych produkt\u00f3w:<\/strong><\/span><\/p>\n<div id='gallery-1' class='gallery galleryid-19274 gallery-columns-5 gallery-size-thumbnail'><figure class='gallery-item'>\n\t\t\t<div class='gallery-icon portrait'>\n\t\t\t\t<a href='https:\/\/proton-stroje.pl\/wp-content\/uploads\/2023\/03\/koszykarskie_dwustronne2.jpg'><img decoding=\"async\" width=\"150\" height=\"150\" src=\"https:\/\/proton-stroje.pl\/wp-content\/uploads\/2023\/03\/koszykarskie_dwustronne2-150x150.jpg\" class=\"attachment-thumbnail size-thumbnail\" alt=\"\" srcset=\"https:\/\/proton-stroje.pl\/wp-content\/uploads\/2023\/03\/koszykarskie_dwustronne2-150x150.jpg 150w, https:\/\/proton-stroje.pl\/wp-content\/uploads\/2023\/03\/koszykarskie_dwustronne2-100x100.jpg 100w\" sizes=\"(max-width: 150px) 100vw, 150px\" \/><\/a>\n\t\t\t<\/div><\/figure><figure class='gallery-item'>\n\t\t\t<div class='gallery-icon portrait'>\n\t\t\t\t<a href='https:\/\/proton-stroje.pl\/wp-content\/uploads\/2023\/03\/koszykarskie_dwustronne.jpg'><img decoding=\"async\" width=\"150\" height=\"150\" src=\"https:\/\/proton-stroje.pl\/wp-content\/uploads\/2023\/03\/koszykarskie_dwustronne-150x150.jpg\" class=\"attachment-thumbnail size-thumbnail\" alt=\"\" srcset=\"https:\/\/proton-stroje.pl\/wp-content\/uploads\/2023\/03\/koszykarskie_dwustronne-150x150.jpg 150w, https:\/\/proton-stroje.pl\/wp-content\/uploads\/2023\/03\/koszykarskie_dwustronne-100x100.jpg 100w\" sizes=\"(max-width: 150px) 100vw, 150px\" \/><\/a>\n\t\t\t<\/div><\/figure><figure class='gallery-item'>\n\t\t\t<div class='gallery-icon landscape'>\n\t\t\t\t<a href='https:\/\/proton-stroje.pl\/wp-content\/uploads\/2023\/03\/final-MP-3x3-Lotto-Quest-2019-koszykarski-meski-dwustronny.jpg'><img loading=\"lazy\" decoding=\"async\" width=\"150\" height=\"150\" src=\"https:\/\/proton-stroje.pl\/wp-content\/uploads\/2023\/03\/final-MP-3x3-Lotto-Quest-2019-koszykarski-meski-dwustronny-150x150.jpg\" class=\"attachment-thumbnail size-thumbnail\" alt=\"\" srcset=\"https:\/\/proton-stroje.pl\/wp-content\/uploads\/2023\/03\/final-MP-3x3-Lotto-Quest-2019-koszykarski-meski-dwustronny-150x150.jpg 150w, https:\/\/proton-stroje.pl\/wp-content\/uploads\/2023\/03\/final-MP-3x3-Lotto-Quest-2019-koszykarski-meski-dwustronny-100x100.jpg 100w\" sizes=\"(max-width: 150px) 100vw, 150px\" \/><\/a>\n\t\t\t<\/div><\/figure>\n\t\t<\/div>\n\n<hr>\n<\/div>\n","protected":false},"excerpt":{"rendered":"<p>Str\u00f3j koszykarski dwustronny, dowolna ilo\u015b\u0107 nadruk\u00f3w, bezp\u0142atna personalizacja, oddychaj\u0105cy materia\u0142, kr\u00f3tki termin realizacji &#8211; dla dru\u017cyn profesjonalnych i amatorskich. Zobacz r\u00f3wnie\u017c inne <a href=\"https:\/\/proton-stroje.pl\/pl\/kategoria-produktu\/stroje-koszykarskie-dwustronne-meskie\/\">projekty naszych dwustronnych stroj\u00f3w koszykarskich<\/a>.<\/p>\n","protected":false},"featured_media":23782,"template":"","meta":{"ngg_post_thumbnail":0},"product_brand":[],"product_cat":[322],"product_tag":[323],"class_list":{"0":"post-19274","1":"product","2":"type-product","3":"status-publish","4":"has-post-thumbnail","6":"product_cat-stroje-koszykarskie-dwustronne-meskie","7":"product_tag-stroje-koszykarskie-dwustronne","8":"product_shipping_class-standard-12-12-300","9":"pa_czas-realizacji-10-dni-roboczych","10":"pa_metody-dostawy-kurier-25zl","11":"pa_metody-dostawy-paczkomat","12":"pa_rodzaj-krokowy","14":"first","15":"instock","16":"sale","17":"taxable","18":"shipping-taxable","19":"purchasable","20":"product-type-simple"},"aioseo_notices":[],"tiered_pricing_type":"fixed","tiered_pricing_fixed_rules":[],"tiered_pricing_product_settings":{"layout":"table","base_unit_name":{"singular":null,"plural":null},"default_variation":null},"tiered_pricing_minimum_quantity":null,"tiered_pricing_roles_data":[],"tiered_pricing_percentage_rules":[],"tiered_pricing_maximum_quantity":null,"tiered_pricing_quantity_step":null,"_links":{"self":[{"href":"https:\/\/proton-stroje.pl\/pl\/wp-json\/wp\/v2\/product\/19274","targetHints":{"allow":["GET"]}}],"collection":[{"href":"https:\/\/proton-stroje.pl\/pl\/wp-json\/wp\/v2\/product"}],"about":[{"href":"https:\/\/proton-stroje.pl\/pl\/wp-json\/wp\/v2\/types\/product"}],"version-history":[{"count":4,"href":"https:\/\/proton-stroje.pl\/pl\/wp-json\/wp\/v2\/product\/19274\/revisions"}],"predecessor-version":[{"id":27328,"href":"https:\/\/proton-stroje.pl\/pl\/wp-json\/wp\/v2\/product\/19274\/revisions\/27328"}],"wp:featuredmedia":[{"embeddable":true,"href":"https:\/\/proton-stroje.pl\/pl\/wp-json\/wp\/v2\/media\/23782"}],"wp:attachment":[{"href":"https:\/\/proton-stroje.pl\/pl\/wp-json\/wp\/v2\/media?parent=19274"}],"wp:term":[{"taxonomy":"product_brand","embeddable":true,"href":"https:\/\/proton-stroje.pl\/pl\/wp-json\/wp\/v2\/product_brand?post=19274"},{"taxonomy":"product_cat","embeddable":true,"href":"https:\/\/proton-stroje.pl\/pl\/wp-json\/wp\/v2\/product_cat?post=19274"},{"taxonomy":"product_tag","embeddable":true,"href":"https:\/\/proton-stroje.pl\/pl\/wp-json\/wp\/v2\/product_tag?post=19274"}],"curies":[{"name":"wp","href":"https:\/\/api.w.org\/{rel}","templated":true}]}}